{"id":98,"date":"2023-09-20T11:21:44","date_gmt":"2023-09-20T11:21:44","guid":{"rendered":"https:\/\/jmkwadraat.nl\/home\/"},"modified":"2023-09-20T13:43:03","modified_gmt":"2023-09-20T13:43:03","slug":"home","status":"publish","type":"page","link":"https:\/\/www.jmkwadraat.nl\/de\/","title":{"rendered":"Home"},"content":{"rendered":"\t\t<div data-elementor-type=\"wp-page\" data-elementor-id=\"98\" class=\"elementor elementor-98 elementor-10\" data-elementor-post-type=\"page\">\n\t\t\t\t\t\t<section class=\"elementor-section elementor-top-section elementor-element elementor-element-870d644 elementor-section-boxed elementor-section-height-default elementor-section-height-default\" data-id=\"870d644\" data-element_type=\"section\" data-e-type=\"section\" data-settings=\"{&quot;background_background&quot;:&quot;classic&quot;}\">\n\t\t\t\t\t\t<div class=\"elementor-container elementor-column-gap-default\">\n\t\t\t\t\t<div class=\"elementor-column elementor-col-50 elementor-top-column elementor-element elementor-element-d3ebc39\" data-id=\"d3ebc39\" data-element_type=\"column\" data-e-type=\"column\">\n\t\t\t<div class=\"elementor-widget-wrap elementor-element-populated\">\n\t\t\t\t\t\t<div class=\"elementor-element elementor-element-f8d7ae2 elementor-widget elementor-widget-heading\" data-id=\"f8d7ae2\" data-element_type=\"widget\" data-e-type=\"widget\" data-widget_type=\"heading.default\">\n\t\t\t\t<div class=\"elementor-widget-container\">\n\t\t\t\t\t<h2 class=\"elementor-heading-title elementor-size-default\">Wilkommen<\/h2>\t\t\t\t<\/div>\n\t\t\t\t<\/div>\n\t\t\t\t<div class=\"elementor-element elementor-element-6db86a2 elementor-widget elementor-widget-text-editor\" data-id=\"6db86a2\" data-element_type=\"widget\" data-e-type=\"widget\" data-widget_type=\"text-editor.default\">\n\t\t\t\t<div class=\"elementor-widget-container\">\n\t\t\t\t\t\t\t\t\t<p>JMKWADRAAT ist eine auf Leistung gezielte Beratungsfirma f\u00fcr Unternehmer in der W\u00e4scherei-branche. JMKWADRAAT ist unabh\u00e4ngig und demzufolge, einzigartig in der Welt der W\u00e4schereien.<\/p>\n\t\t\t\t\t\t\t\t<\/div>\n\t\t\t\t<\/div>\n\t\t\t\t<div class=\"elementor-element elementor-element-f83f276 elementor-widget elementor-widget-heading\" data-id=\"f83f276\" data-element_type=\"widget\" data-e-type=\"widget\" data-widget_type=\"heading.default\">\n\t\t\t\t<div class=\"elementor-widget-container\">\n\t\t\t\t\t<h2 class=\"elementor-heading-title elementor-size-default\">Behandlung und Ansicht<\/h2>\t\t\t\t<\/div>\n\t\t\t\t<\/div>\n\t\t\t\t<div class=\"elementor-element elementor-element-0eca917 elementor-widget elementor-widget-text-editor\" data-id=\"0eca917\" data-element_type=\"widget\" data-e-type=\"widget\" data-widget_type=\"text-editor.default\">\n\t\t\t\t<div class=\"elementor-widget-container\">\n\t\t\t\t\t\t\t\t\t<p>JMKWADRAAT inventarisiert alle Aspekte Ihres Managements in einer integrierten Empfehlung f\u00fcr sowohl Ihren logistischen Proze\u00df als auch Ihr finanzielles Resultat. Die Vision von JMKWADRAAT ist deutlich(klar) und zielgerecht auf Verbesserung Ihres Rendements mit der Spezialit\u00e4t, die Entwicklung einer auf die Zukunft gezielte Vision f\u00fcr Sie als Unternehmer in der W\u00e4schereibranche.<\/p>\n\t\t\t\t\t\t\t\t<\/div>\n\t\t\t\t<\/div>\n\t\t\t\t<div class=\"elementor-element elementor-element-dca1d94 elementor-widget elementor-widget-heading\" data-id=\"dca1d94\" data-element_type=\"widget\" data-e-type=\"widget\" data-widget_type=\"heading.default\">\n\t\t\t\t<div class=\"elementor-widget-container\">\n\t\t\t\t\t<h2 class=\"elementor-heading-title elementor-size-default\">Erfahrung<\/h2>\t\t\t\t<\/div>\n\t\t\t\t<\/div>\n\t\t\t\t<div class=\"elementor-element elementor-element-2173c74 elementor-widget elementor-widget-text-editor\" data-id=\"2173c74\" data-element_type=\"widget\" data-e-type=\"widget\" data-widget_type=\"text-editor.default\">\n\t\t\t\t<div class=\"elementor-widget-container\">\n\t\t\t\t\t\t\t\t\t<p><span style=\"font-style: inherit; font-weight: inherit; color: var( --e-global-color-text ); font-family: var( --e-global-typography-text-font-family ), Sans-serif; background-color: var(--ast-global-color-5);\">JMKWADRAAT hat betr\u00e4chtliche Erfahrung mit:<\/span><\/p>\n<p>Etat Begettierung<br \/>Der kommerciele Weg<br \/>Die Genehmigung zur Anerkennung<br \/>Das Erdenken des logistischen Weges<br \/>Begleitung in finanziell schwierigen Zeiten<br \/>Nachpflege<\/p>\n\t\t\t\t\t\t\t\t<\/div>\n\t\t\t\t<\/div>\n\t\t\t\t<div class=\"elementor-element elementor-element-bc88811 elementor-widget elementor-widget-heading\" data-id=\"bc88811\" data-element_type=\"widget\" data-e-type=\"widget\" data-widget_type=\"heading.default\">\n\t\t\t\t<div class=\"elementor-widget-container\">\n\t\t\t\t\t<h2 class=\"elementor-heading-title elementor-size-default\">Im kurzen\n<\/h2>\t\t\t\t<\/div>\n\t\t\t\t<\/div>\n\t\t\t\t<div class=\"elementor-element elementor-element-5a47970 elementor-widget elementor-widget-text-editor\" data-id=\"5a47970\" data-element_type=\"widget\" data-e-type=\"widget\" data-widget_type=\"text-editor.default\">\n\t\t\t\t<div class=\"elementor-widget-container\">\n\t\t\t\t\t\t\t\t\t<p>Der Kern(Hauptsache) der Empfehlungsarbeit von JMKWADRAAT ist das berechnen \u00fcberwachen und verringern der Kosten innerhalb Ihrer W\u00e4schereifirma. Wir von JMKWADRAAT denken gern pro aktiv mit Ihnen mit um einen so hoch wie m\u00f6gliches Rendement f\u00fcr Sie zu erreichen.<\/p>\n\t\t\t\t\t\t\t\t<\/div>\n\t\t\t\t<\/div>\n\t\t\t\t\t<\/div>\n\t\t<\/div>\n\t\t\t\t<div class=\"elementor-column elementor-col-50 elementor-top-column elementor-element elementor-element-84f0f83\" data-id=\"84f0f83\" data-element_type=\"column\" data-e-type=\"column\">\n\t\t\t<div class=\"elementor-widget-wrap elementor-element-populated\">\n\t\t\t\t\t\t<div class=\"elementor-element elementor-element-6a9e8de elementor-widget elementor-widget-image\" data-id=\"6a9e8de\" data-element_type=\"widget\" data-e-type=\"widget\" data-widget_type=\"image.default\">\n\t\t\t\t<div class=\"elementor-widget-container\">\n\t\t\t\t\t\t\t\t\t\t\t\t\t\t\t<img fetchpriority=\"high\" decoding=\"async\" width=\"960\" height=\"720\" src=\"https:\/\/www.jmkwadraat.nl\/wp-content\/uploads\/2023\/09\/3-1.jpg\" class=\"attachment-large size-large wp-image-92\" alt=\"\" srcset=\"https:\/\/www.jmkwadraat.nl\/wp-content\/uploads\/2023\/09\/3-1.jpg 960w, https:\/\/www.jmkwadraat.nl\/wp-content\/uploads\/2023\/09\/3-1-300x225.jpg 300w, https:\/\/www.jmkwadraat.nl\/wp-content\/uploads\/2023\/09\/3-1-768x576.jpg 768w\" sizes=\"(max-width: 960px) 100vw, 960px\" \/>\t\t\t\t\t\t\t\t\t\t\t\t\t\t\t<\/div>\n\t\t\t\t<\/div>\n\t\t\t\t<div class=\"elementor-element elementor-element-b41bc9c elementor-widget elementor-widget-image\" data-id=\"b41bc9c\" data-element_type=\"widget\" data-e-type=\"widget\" data-widget_type=\"image.default\">\n\t\t\t\t<div class=\"elementor-widget-container\">\n\t\t\t\t\t\t\t\t\t\t\t\t\t\t\t<img decoding=\"async\" width=\"960\" height=\"720\" src=\"https:\/\/www.jmkwadraat.nl\/wp-content\/uploads\/2023\/09\/4.jpg\" class=\"attachment-large size-large wp-image-94\" alt=\"\" srcset=\"https:\/\/www.jmkwadraat.nl\/wp-content\/uploads\/2023\/09\/4.jpg 960w, https:\/\/www.jmkwadraat.nl\/wp-content\/uploads\/2023\/09\/4-300x225.jpg 300w, https:\/\/www.jmkwadraat.nl\/wp-content\/uploads\/2023\/09\/4-768x576.jpg 768w\" sizes=\"(max-width: 960px) 100vw, 960px\" \/>\t\t\t\t\t\t\t\t\t\t\t\t\t\t\t<\/div>\n\t\t\t\t<\/div>\n\t\t\t\t<div class=\"elementor-element elementor-element-25ea74f elementor-widget elementor-widget-image\" data-id=\"25ea74f\" data-element_type=\"widget\" data-e-type=\"widget\" data-widget_type=\"image.default\">\n\t\t\t\t<div class=\"elementor-widget-container\">\n\t\t\t\t\t\t\t\t\t\t\t\t\t\t\t<img decoding=\"async\" width=\"1024\" height=\"682\" src=\"https:\/\/www.jmkwadraat.nl\/wp-content\/uploads\/2023\/09\/Zeep-1024x682.jpg\" class=\"attachment-large size-large wp-image-96\" alt=\"\" srcset=\"https:\/\/www.jmkwadraat.nl\/wp-content\/uploads\/2023\/09\/Zeep-1024x682.jpg 1024w, https:\/\/www.jmkwadraat.nl\/wp-content\/uploads\/2023\/09\/Zeep-300x200.jpg 300w, https:\/\/www.jmkwadraat.nl\/wp-content\/uploads\/2023\/09\/Zeep-768x512.jpg 768w, https:\/\/www.jmkwadraat.nl\/wp-content\/uploads\/2023\/09\/Zeep.jpg 1400w\" sizes=\"(max-width: 1024px) 100vw, 1024px\" \/>\t\t\t\t\t\t\t\t\t\t\t\t\t\t\t<\/div>\n\t\t\t\t<\/div>\n\t\t\t\t\t<\/div>\n\t\t<\/div>\n\t\t\t\t\t<\/div>\n\t\t<\/section>\n\t\t\t\t<\/div>\n\t\t","protected":false},"excerpt":{"rendered":"<p>Wilkommen JMKWADRAAT ist eine auf Leistung gezielte Beratungsfirma f\u00fcr Unternehmer in der W\u00e4scherei-branche. JMKWADRAAT ist unabh\u00e4ngig und demzufolge, einzigartig in der Welt der W\u00e4schereien. Behandlung und Ansicht JMKWADRAAT inventarisiert alle Aspekte Ihres Managements in einer integrierten Empfehlung f\u00fcr sowohl Ihren logistischen Proze\u00df als auch Ihr finanzielles Resultat. Die Vision von JMKWADRAAT ist deutlich(klar) und zielgerecht [&hellip;]<\/p>\n","protected":false},"author":1,"featured_media":0,"parent":0,"menu_order":0,"comment_status":"closed","ping_status":"closed","template":"","meta":{"site-sidebar-layout":"no-sidebar","site-content-layout":"page-builder","ast-site-content-layout":"full-width-container","site-content-style":"default","site-sidebar-style":"default","ast-global-header-display":"","ast-banner-title-visibility":"","ast-main-header-display":"","ast-hfb-above-header-display":"","ast-hfb-below-header-display":"","ast-hfb-mobile-header-display":"","site-post-title":"","ast-breadcrumbs-content":"","ast-featured-img":"disabled","footer-sml-layout":"","ast-disable-related-posts":"","theme-transparent-header-meta":"","adv-header-id-meta":"","stick-header-meta":"","header-above-stick-meta":"","header-main-stick-meta":"","header-below-stick-meta":"","astra-migrate-meta-layouts":"default","ast-page-background-enabled":"default","ast-page-background-meta":{"desktop":{"background-color":"var(--ast-global-color-4)","background-image":"","background-repeat":"repeat","background-position":"center center","background-size":"auto","background-attachment":"scroll","background-type":"","background-media":"","overlay-type":"","overlay-color":"","overlay-opacity":"","overlay-gradient":""},"tablet":{"background-color":"","background-image":"","background-repeat":"repeat","background-position":"center center","background-size":"auto","background-attachment":"scroll","background-type":"","background-media":"","overlay-type":"","overlay-color":"","overlay-opacity":"","overlay-gradient":""},"mobile":{"background-color":"","background-image":"","background-repeat":"repeat","background-position":"center center","background-size":"auto","background-attachment":"scroll","background-type":"","background-media":"","overlay-type":"","overlay-color":"","overlay-opacity":"","overlay-gradient":""}},"ast-content-background-meta":{"desktop":{"background-color":"var(--ast-global-color-5)","background-image":"","background-repeat":"repeat","background-position":"center center","background-size":"auto","background-attachment":"scroll","background-type":"","background-media":"","overlay-type":"","overlay-color":"","overlay-opacity":"","overlay-gradient":""},"tablet":{"background-color":"var(--ast-global-color-5)","background-image":"","background-repeat":"repeat","background-position":"center center","background-size":"auto","background-attachment":"scroll","background-type":"","background-media":"","overlay-type":"","overlay-color":"","overlay-opacity":"","overlay-gradient":""},"mobile":{"background-color":"var(--ast-global-color-5)","background-image":"","background-repeat":"repeat","background-position":"center center","background-size":"auto","background-attachment":"scroll","background-type":"","background-media":"","overlay-type":"","overlay-color":"","overlay-opacity":"","overlay-gradient":""}},"footnotes":""},"class_list":["post-98","page","type-page","status-publish","hentry"],"_links":{"self":[{"href":"https:\/\/www.jmkwadraat.nl\/de\/wp-json\/wp\/v2\/pages\/98","targetHints":{"allow":["GET"]}}],"collection":[{"href":"https:\/\/www.jmkwadraat.nl\/de\/wp-json\/wp\/v2\/pages"}],"about":[{"href":"https:\/\/www.jmkwadraat.nl\/de\/wp-json\/wp\/v2\/types\/page"}],"author":[{"embeddable":true,"href":"https:\/\/www.jmkwadraat.nl\/de\/wp-json\/wp\/v2\/users\/1"}],"replies":[{"embeddable":true,"href":"https:\/\/www.jmkwadraat.nl\/de\/wp-json\/wp\/v2\/comments?post=98"}],"version-history":[{"count":4,"href":"https:\/\/www.jmkwadraat.nl\/de\/wp-json\/wp\/v2\/pages\/98\/revisions"}],"predecessor-version":[{"id":160,"href":"https:\/\/www.jmkwadraat.nl\/de\/wp-json\/wp\/v2\/pages\/98\/revisions\/160"}],"wp:attachment":[{"href":"https:\/\/www.jmkwadraat.nl\/de\/wp-json\/wp\/v2\/media?parent=98"}],"curies":[{"name":"wp","href":"https:\/\/api.w.org\/{rel}","templated":true}]}}