{"id":173,"date":"2023-09-20T11:26:17","date_gmt":"2023-09-20T11:26:17","guid":{"rendered":"https:\/\/jmkwadraat.nl\/projektmanagement\/"},"modified":"2023-09-26T14:11:40","modified_gmt":"2023-09-26T14:11:40","slug":"projektmanagement","status":"publish","type":"page","link":"https:\/\/www.jmkwadraat.nl\/de\/projektmanagement\/","title":{"rendered":"Projektmanagement"},"content":{"rendered":"\t\t<div data-elementor-type=\"wp-page\" data-elementor-id=\"173\" class=\"elementor elementor-173 elementor-15\" data-elementor-post-type=\"page\">\n\t\t\t\t\t\t<section class=\"elementor-section elementor-top-section elementor-element elementor-element-3c7ec63 elementor-section-boxed elementor-section-height-default elementor-section-height-default\" data-id=\"3c7ec63\" data-element_type=\"section\" data-e-type=\"section\" data-settings=\"{&quot;background_background&quot;:&quot;classic&quot;}\">\n\t\t\t\t\t\t<div class=\"elementor-container elementor-column-gap-default\">\n\t\t\t\t\t<div class=\"elementor-column elementor-col-50 elementor-top-column elementor-element elementor-element-4af35c0\" data-id=\"4af35c0\" data-element_type=\"column\" data-e-type=\"column\">\n\t\t\t<div class=\"elementor-widget-wrap elementor-element-populated\">\n\t\t\t\t\t\t<div class=\"elementor-element elementor-element-bc5f999 elementor-widget elementor-widget-heading\" data-id=\"bc5f999\" data-element_type=\"widget\" data-e-type=\"widget\" data-widget_type=\"heading.default\">\n\t\t\t\t<div class=\"elementor-widget-container\">\n\t\t\t\t\t<h2 class=\"elementor-heading-title elementor-size-default\">Projektmanagement<\/h2>\t\t\t\t<\/div>\n\t\t\t\t<\/div>\n\t\t\t\t<div class=\"elementor-element elementor-element-81a330e elementor-widget elementor-widget-text-editor\" data-id=\"81a330e\" data-element_type=\"widget\" data-e-type=\"widget\" data-widget_type=\"text-editor.default\">\n\t\t\t\t<div class=\"elementor-widget-container\">\n\t\t\t\t\t\t\t\t\t<p>JMKWADRAAT f\u00fchrt gro\u00dfe und kleine Projekte f\u00fcr einige europ\u00e4ische Organisationen aus. So hat JMKWADRAAT betr\u00e4chtliche\/gro\u00dfe Erfahrung mit dem Aufbau oder der Versetzung von kompletten W\u00e4schereien. Auch haben wir Erfahrung mit der Implementierung von neuem Denkweisen in Ihrer W\u00e4scherei und \u00c4nderungen im Abteilungsniveau. Kostsenkung in der W\u00e4scherei ist einer der Eckpunkte von JMKWADRAAT. Mit Benutzung von den meist innovativen Technologien waren wir bei mehreren Betrieben in der Lage drastische Kosteneinsparungen zu verwirklichen.<\/p>\n\t\t\t\t\t\t\t\t<\/div>\n\t\t\t\t<\/div>\n\t\t\t\t<div class=\"elementor-element elementor-element-2fb14e2 elementor-widget elementor-widget-heading\" data-id=\"2fb14e2\" data-element_type=\"widget\" data-e-type=\"widget\" data-widget_type=\"heading.default\">\n\t\t\t\t<div class=\"elementor-widget-container\">\n\t\t\t\t\t<h2 class=\"elementor-heading-title elementor-size-default\">Erwerb\n<\/h2>\t\t\t\t<\/div>\n\t\t\t\t<\/div>\n\t\t\t\t<div class=\"elementor-element elementor-element-60f4459 elementor-widget elementor-widget-text-editor\" data-id=\"60f4459\" data-element_type=\"widget\" data-e-type=\"widget\" data-widget_type=\"text-editor.default\">\n\t\t\t\t<div class=\"elementor-widget-container\">\n\t\t\t\t\t\t\t\t\t<p>JMKWADRAAT kauft im Auftrag Firmen an und leiten -wenn erw\u00fcnscht- die riskanten Vermittlungen.<\/p>\n\t\t\t\t\t\t\t\t<\/div>\n\t\t\t\t<\/div>\n\t\t\t\t<section class=\"elementor-section elementor-inner-section elementor-element elementor-element-42fd9d0 elementor-section-content-middle elementor-section-boxed elementor-section-height-default elementor-section-height-default\" data-id=\"42fd9d0\" data-element_type=\"section\" data-e-type=\"section\">\n\t\t\t\t\t\t<div class=\"elementor-container elementor-column-gap-default\">\n\t\t\t\t\t<div class=\"elementor-column elementor-col-33 elementor-inner-column elementor-element elementor-element-d61b38e\" data-id=\"d61b38e\" data-element_type=\"column\" data-e-type=\"column\">\n\t\t\t<div class=\"elementor-widget-wrap elementor-element-populated\">\n\t\t\t\t\t\t<div class=\"elementor-element elementor-element-eafcaea elementor-widget elementor-widget-image\" data-id=\"eafcaea\" data-element_type=\"widget\" data-e-type=\"widget\" data-widget_type=\"image.default\">\n\t\t\t\t<div class=\"elementor-widget-container\">\n\t\t\t\t\t\t\t\t\t\t\t\t\t\t\t\t<a href=\"https:\/\/www.jmkwadraat.nl\/wp-content\/uploads\/2023\/09\/2014-RW-Artikel-Duitsland.pdf\" target=\"_blank\">\n\t\t\t\t\t\t\t<img decoding=\"async\" width=\"180\" height=\"35\" src=\"https:\/\/www.jmkwadraat.nl\/wp-content\/uploads\/2023\/09\/Rwtextilservice-1.jpg\" class=\"attachment-large size-large wp-image-135\" alt=\"\" \/>\t\t\t\t\t\t\t\t<\/a>\n\t\t\t\t\t\t\t\t\t\t\t\t\t\t\t<\/div>\n\t\t\t\t<\/div>\n\t\t\t\t<div class=\"elementor-element elementor-element-4569ce8 elementor-widget elementor-widget-text-editor\" data-id=\"4569ce8\" data-element_type=\"widget\" data-e-type=\"widget\" data-widget_type=\"text-editor.default\">\n\t\t\t\t<div class=\"elementor-widget-container\">\n\t\t\t\t\t\t\t\t\t<p><a href=\"https:\/\/www.jmkwadraat.nl\/wp-content\/uploads\/2023\/09\/2014-RW-Artikel-Duitsland.pdf\" target=\"_blank\" rel=\"noopener\">Artikel RW Textilservice Duisland 1, 2014<\/a><\/p>\n\t\t\t\t\t\t\t\t<\/div>\n\t\t\t\t<\/div>\n\t\t\t\t\t<\/div>\n\t\t<\/div>\n\t\t\t\t<div class=\"elementor-column elementor-col-33 elementor-inner-column elementor-element elementor-element-af3d9dc\" data-id=\"af3d9dc\" data-element_type=\"column\" data-e-type=\"column\">\n\t\t\t<div class=\"elementor-widget-wrap elementor-element-populated\">\n\t\t\t\t\t\t<div class=\"elementor-element elementor-element-eb56044 elementor-widget elementor-widget-image\" data-id=\"eb56044\" data-element_type=\"widget\" data-e-type=\"widget\" data-widget_type=\"image.default\">\n\t\t\t\t<div class=\"elementor-widget-container\">\n\t\t\t\t\t\t\t\t\t\t\t\t\t\t\t\t<a href=\"https:\/\/www.jmkwadraat.nl\/wp-content\/uploads\/2023\/09\/Artikel-2014-RWTextilservice_KrankenhauswaeschereiEindhoven.pdf\" target=\"_blank\">\n\t\t\t\t\t\t\t<img decoding=\"async\" width=\"180\" height=\"35\" src=\"https:\/\/www.jmkwadraat.nl\/wp-content\/uploads\/2023\/09\/Rwtextilservice-1.jpg\" class=\"attachment-large size-large wp-image-135\" alt=\"\" \/>\t\t\t\t\t\t\t\t<\/a>\n\t\t\t\t\t\t\t\t\t\t\t\t\t\t\t<\/div>\n\t\t\t\t<\/div>\n\t\t\t\t<div class=\"elementor-element elementor-element-2a155ac elementor-widget elementor-widget-text-editor\" data-id=\"2a155ac\" data-element_type=\"widget\" data-e-type=\"widget\" data-widget_type=\"text-editor.default\">\n\t\t\t\t<div class=\"elementor-widget-container\">\n\t\t\t\t\t\t\t\t\t<p><a href=\"https:\/\/www.jmkwadraat.nl\/wp-content\/uploads\/2023\/09\/Artikel-2014-RWTextilservice_KrankenhauswaeschereiEindhoven.pdf\" target=\"_blank\" rel=\"noopener\">Artikel RW Textilservice Duisland 2, 2014<\/a><\/p>\n\t\t\t\t\t\t\t\t<\/div>\n\t\t\t\t<\/div>\n\t\t\t\t\t<\/div>\n\t\t<\/div>\n\t\t\t\t<div class=\"elementor-column elementor-col-33 elementor-inner-column elementor-element elementor-element-90da2e8\" data-id=\"90da2e8\" data-element_type=\"column\" data-e-type=\"column\">\n\t\t\t<div class=\"elementor-widget-wrap elementor-element-populated\">\n\t\t\t\t\t\t<div class=\"elementor-element elementor-element-ba4c5e9 elementor-widget elementor-widget-image\" data-id=\"ba4c5e9\" data-element_type=\"widget\" data-e-type=\"widget\" data-widget_type=\"image.default\">\n\t\t\t\t<div class=\"elementor-widget-container\">\n\t\t\t\t\t\t\t\t\t\t\t\t\t\t\t\t<a href=\"https:\/\/www.jmkwadraat.nl\/wp-content\/uploads\/2023\/09\/2014-LCN-Lavans-makes-eco.pdf\" target=\"_blank\">\n\t\t\t\t\t\t\t<img decoding=\"async\" width=\"136\" height=\"65\" src=\"https:\/\/www.jmkwadraat.nl\/wp-content\/uploads\/2023\/09\/LCNI-logo.jpg\" class=\"attachment-large size-large wp-image-132\" alt=\"\" \/>\t\t\t\t\t\t\t\t<\/a>\n\t\t\t\t\t\t\t\t\t\t\t\t\t\t\t<\/div>\n\t\t\t\t<\/div>\n\t\t\t\t<div class=\"elementor-element elementor-element-9c69909 elementor-widget elementor-widget-text-editor\" data-id=\"9c69909\" data-element_type=\"widget\" data-e-type=\"widget\" data-widget_type=\"text-editor.default\">\n\t\t\t\t<div class=\"elementor-widget-container\">\n\t\t\t\t\t\t\t\t\t<p><a href=\"https:\/\/www.jmkwadraat.nl\/wp-content\/uploads\/2023\/09\/2014-LCN-Lavans-makes-eco.pdf\" target=\"_blank\" rel=\"noopener\">Article Laundry and cleaning news, 2014<\/a><\/p>\n\t\t\t\t\t\t\t\t<\/div>\n\t\t\t\t<\/div>\n\t\t\t\t\t<\/div>\n\t\t<\/div>\n\t\t\t\t\t<\/div>\n\t\t<\/section>\n\t\t\t\t<div class=\"elementor-element elementor-element-12f84f1 elementor-widget elementor-widget-heading\" data-id=\"12f84f1\" data-element_type=\"widget\" data-e-type=\"widget\" data-widget_type=\"heading.default\">\n\t\t\t\t<div class=\"elementor-widget-container\">\n\t\t\t\t\t<h2 class=\"elementor-heading-title elementor-size-default\">Zusammenfassung\n<\/h2>\t\t\t\t<\/div>\n\t\t\t\t<\/div>\n\t\t\t\t<div class=\"elementor-element elementor-element-58324ca elementor-widget elementor-widget-text-editor\" data-id=\"58324ca\" data-element_type=\"widget\" data-e-type=\"widget\" data-widget_type=\"text-editor.default\">\n\t\t\t\t<div class=\"elementor-widget-container\">\n\t\t\t\t\t\t\t\t\t<p>Der Kern der Beratungen von JMKWADRAAT ist das berechnen, \u00fcberwachen und beherrschen der Kosten in Ihrer W\u00e4scherei. Wir von JMKWADRAAT denken gern pro-aktiv mit Ihnen mit f\u00fcr ein hoch rentierendes Unternehmen!<\/p>\n\t\t\t\t\t\t\t\t<\/div>\n\t\t\t\t<\/div>\n\t\t\t\t\t<\/div>\n\t\t<\/div>\n\t\t\t\t<div class=\"elementor-column elementor-col-50 elementor-top-column elementor-element elementor-element-aae92bc\" data-id=\"aae92bc\" data-element_type=\"column\" data-e-type=\"column\">\n\t\t\t<div class=\"elementor-widget-wrap elementor-element-populated\">\n\t\t\t\t\t\t<div class=\"elementor-element elementor-element-1ce1ebd elementor-widget elementor-widget-image\" data-id=\"1ce1ebd\" data-element_type=\"widget\" data-e-type=\"widget\" data-widget_type=\"image.default\">\n\t\t\t\t<div class=\"elementor-widget-container\">\n\t\t\t\t\t\t\t\t\t\t\t\t\t\t\t<img decoding=\"async\" width=\"195\" height=\"110\" src=\"https:\/\/www.jmkwadraat.nl\/wp-content\/uploads\/2023\/09\/2013-Elkerlie.gif\" class=\"attachment-large size-large wp-image-129\" alt=\"\" \/>\t\t\t\t\t\t\t\t\t\t\t\t\t\t\t<\/div>\n\t\t\t\t<\/div>\n\t\t\t\t<div class=\"elementor-element elementor-element-16a3994 elementor-widget elementor-widget-image\" data-id=\"16a3994\" data-element_type=\"widget\" data-e-type=\"widget\" data-widget_type=\"image.default\">\n\t\t\t\t<div class=\"elementor-widget-container\">\n\t\t\t\t\t\t\t\t\t\t\t\t\t\t\t<img loading=\"lazy\" decoding=\"async\" width=\"220\" height=\"147\" src=\"https:\/\/www.jmkwadraat.nl\/wp-content\/uploads\/2023\/09\/LAVANS.jpg\" class=\"attachment-large size-large wp-image-126\" alt=\"\" \/>\t\t\t\t\t\t\t\t\t\t\t\t\t\t\t<\/div>\n\t\t\t\t<\/div>\n\t\t\t\t<div class=\"elementor-element elementor-element-a2bddd5 elementor-widget elementor-widget-image\" data-id=\"a2bddd5\" data-element_type=\"widget\" data-e-type=\"widget\" data-widget_type=\"image.default\">\n\t\t\t\t<div class=\"elementor-widget-container\">\n\t\t\t\t\t\t\t\t\t\t\t\t\t\t\t<img loading=\"lazy\" decoding=\"async\" width=\"448\" height=\"286\" src=\"https:\/\/www.jmkwadraat.nl\/wp-content\/uploads\/2023\/09\/CAMLINGS.jpg\" class=\"attachment-large size-large wp-image-123\" alt=\"\" srcset=\"https:\/\/www.jmkwadraat.nl\/wp-content\/uploads\/2023\/09\/CAMLINGS.jpg 448w, https:\/\/www.jmkwadraat.nl\/wp-content\/uploads\/2023\/09\/CAMLINGS-300x192.jpg 300w\" sizes=\"(max-width: 448px) 100vw, 448px\" \/>\t\t\t\t\t\t\t\t\t\t\t\t\t\t\t<\/div>\n\t\t\t\t<\/div>\n\t\t\t\t<div class=\"elementor-element elementor-element-8ff49ac elementor-widget elementor-widget-image\" data-id=\"8ff49ac\" data-element_type=\"widget\" data-e-type=\"widget\" data-widget_type=\"image.default\">\n\t\t\t\t<div class=\"elementor-widget-container\">\n\t\t\t\t\t\t\t\t\t\t\t\t\t\t\t<img loading=\"lazy\" decoding=\"async\" width=\"715\" height=\"480\" src=\"https:\/\/www.jmkwadraat.nl\/wp-content\/uploads\/2023\/09\/5A0O1316-Small.jpg\" class=\"attachment-large size-large wp-image-120\" alt=\"\" srcset=\"https:\/\/www.jmkwadraat.nl\/wp-content\/uploads\/2023\/09\/5A0O1316-Small.jpg 715w, https:\/\/www.jmkwadraat.nl\/wp-content\/uploads\/2023\/09\/5A0O1316-Small-300x201.jpg 300w\" sizes=\"(max-width: 715px) 100vw, 715px\" \/>\t\t\t\t\t\t\t\t\t\t\t\t\t\t\t<\/div>\n\t\t\t\t<\/div>\n\t\t\t\t\t<\/div>\n\t\t<\/div>\n\t\t\t\t\t<\/div>\n\t\t<\/section>\n\t\t\t\t<\/div>\n\t\t","protected":false},"excerpt":{"rendered":"<p>Projektmanagement JMKWADRAAT f\u00fchrt gro\u00dfe und kleine Projekte f\u00fcr einige europ\u00e4ische Organisationen aus. So hat JMKWADRAAT betr\u00e4chtliche\/gro\u00dfe Erfahrung mit dem Aufbau oder der Versetzung von kompletten W\u00e4schereien. Auch haben wir Erfahrung mit der Implementierung von neuem Denkweisen in Ihrer W\u00e4scherei und \u00c4nderungen im Abteilungsniveau. Kostsenkung in der W\u00e4scherei ist einer der Eckpunkte von JMKWADRAAT. Mit Benutzung [&hellip;]<\/p>\n","protected":false},"author":1,"featured_media":0,"parent":0,"menu_order":0,"comment_status":"closed","ping_status":"closed","template":"","meta":{"site-sidebar-layout":"no-sidebar","site-content-layout":"page-builder","ast-site-content-layout":"full-width-container","site-content-style":"unboxed","site-sidebar-style":"unboxed","ast-global-header-display":"","ast-banner-title-visibility":"","ast-main-header-display":"","ast-hfb-above-header-display":"","ast-hfb-below-header-display":"","ast-hfb-mobile-header-display":"","site-post-title":"disabled","ast-breadcrumbs-content":"","ast-featured-img":"disabled","footer-sml-layout":"","ast-disable-related-posts":"","theme-transparent-header-meta":"","adv-header-id-meta":"","stick-header-meta":"","header-above-stick-meta":"","header-main-stick-meta":"","header-below-stick-meta":"","astra-migrate-meta-layouts":"default","ast-page-background-enabled":"default","ast-page-background-meta":{"desktop":{"background-color":"var(--ast-global-color-4)","background-image":"","background-repeat":"repeat","background-position":"center center","background-size":"auto","background-attachment":"scroll","background-type":"","background-media":"","overlay-type":"","overlay-color":"","overlay-opacity":"","overlay-gradient":""},"tablet":{"background-color":"","background-image":"","background-repeat":"repeat","background-position":"center center","background-size":"auto","background-attachment":"scroll","background-type":"","background-media":"","overlay-type":"","overlay-color":"","overlay-opacity":"","overlay-gradient":""},"mobile":{"background-color":"","background-image":"","background-repeat":"repeat","background-position":"center center","background-size":"auto","background-attachment":"scroll","background-type":"","background-media":"","overlay-type":"","overlay-color":"","overlay-opacity":"","overlay-gradient":""}},"ast-content-background-meta":{"desktop":{"background-color":"var(--ast-global-color-5)","background-image":"","background-repeat":"repeat","background-position":"center center","background-size":"auto","background-attachment":"scroll","background-type":"","background-media":"","overlay-type":"","overlay-color":"","overlay-opacity":"","overlay-gradient":""},"tablet":{"background-color":"var(--ast-global-color-5)","background-image":"","background-repeat":"repeat","background-position":"center center","background-size":"auto","background-attachment":"scroll","background-type":"","background-media":"","overlay-type":"","overlay-color":"","overlay-opacity":"","overlay-gradient":""},"mobile":{"background-color":"var(--ast-global-color-5)","background-image":"","background-repeat":"repeat","background-position":"center center","background-size":"auto","background-attachment":"scroll","background-type":"","background-media":"","overlay-type":"","overlay-color":"","overlay-opacity":"","overlay-gradient":""}},"footnotes":""},"class_list":["post-173","page","type-page","status-publish","hentry"],"_links":{"self":[{"href":"https:\/\/www.jmkwadraat.nl\/de\/wp-json\/wp\/v2\/pages\/173","targetHints":{"allow":["GET"]}}],"collection":[{"href":"https:\/\/www.jmkwadraat.nl\/de\/wp-json\/wp\/v2\/pages"}],"about":[{"href":"https:\/\/www.jmkwadraat.nl\/de\/wp-json\/wp\/v2\/types\/page"}],"author":[{"embeddable":true,"href":"https:\/\/www.jmkwadraat.nl\/de\/wp-json\/wp\/v2\/users\/1"}],"replies":[{"embeddable":true,"href":"https:\/\/www.jmkwadraat.nl\/de\/wp-json\/wp\/v2\/comments?post=173"}],"version-history":[{"count":6,"href":"https:\/\/www.jmkwadraat.nl\/de\/wp-json\/wp\/v2\/pages\/173\/revisions"}],"predecessor-version":[{"id":224,"href":"https:\/\/www.jmkwadraat.nl\/de\/wp-json\/wp\/v2\/pages\/173\/revisions\/224"}],"wp:attachment":[{"href":"https:\/\/www.jmkwadraat.nl\/de\/wp-json\/wp\/v2\/media?parent=173"}],"curies":[{"name":"wp","href":"https:\/\/api.w.org\/{rel}","templated":true}]}}