{"id":165,"date":"2023-09-20T11:26:08","date_gmt":"2023-09-20T11:26:08","guid":{"rendered":"https:\/\/jmkwadraat.nl\/empfehlung-training\/"},"modified":"2023-09-20T13:53:59","modified_gmt":"2023-09-20T13:53:59","slug":"empfehlung-training","status":"publish","type":"page","link":"https:\/\/www.jmkwadraat.nl\/de\/empfehlung-training\/","title":{"rendered":"Empfehlung &amp; Training"},"content":{"rendered":"\t\t<div data-elementor-type=\"wp-page\" data-elementor-id=\"165\" class=\"elementor elementor-165 elementor-13\" data-elementor-post-type=\"page\">\n\t\t\t\t\t\t<section class=\"elementor-section elementor-top-section elementor-element elementor-element-77a61f2 elementor-section-boxed elementor-section-height-default elementor-section-height-default\" data-id=\"77a61f2\" data-element_type=\"section\" data-e-type=\"section\" data-settings=\"{&quot;background_background&quot;:&quot;classic&quot;}\">\n\t\t\t\t\t\t<div class=\"elementor-container elementor-column-gap-default\">\n\t\t\t\t\t<div class=\"elementor-column elementor-col-50 elementor-top-column elementor-element elementor-element-4223ab7\" data-id=\"4223ab7\" data-element_type=\"column\" data-e-type=\"column\">\n\t\t\t<div class=\"elementor-widget-wrap elementor-element-populated\">\n\t\t\t\t\t\t<div class=\"elementor-element elementor-element-a3b2eb2 elementor-widget elementor-widget-heading\" data-id=\"a3b2eb2\" data-element_type=\"widget\" data-e-type=\"widget\" data-widget_type=\"heading.default\">\n\t\t\t\t<div class=\"elementor-widget-container\">\n\t\t\t\t\t<h2 class=\"elementor-heading-title elementor-size-default\">\u00d6konomische Empfehlung und Training\n<\/h2>\t\t\t\t<\/div>\n\t\t\t\t<\/div>\n\t\t\t\t<div class=\"elementor-element elementor-element-3cbe5bb elementor-widget elementor-widget-text-editor\" data-id=\"3cbe5bb\" data-element_type=\"widget\" data-e-type=\"widget\" data-widget_type=\"text-editor.default\">\n\t\t\t\t<div class=\"elementor-widget-container\">\n\t\t\t\t\t\t\t\t\t<p>JMKWADRAAT schaut in einer einfachen und direkten Art nach der Wirtschaft Ihrer W\u00e4scherei. Diese Beschauung kann Ihnen im starken Grad helfen, die Betriebsresultate auf einem f\u00fcr Sie annehmbare Niveau zu bringen. Dabei f\u00fchrt JMKWADRAAT in einer kreativen Weise neue Denkrichtungen in Bezug auf Ihre Organisation und m\u00f6gliche finanzielle Struktur ein.<\/p>\n<p>Wir von JMKWADRAAT werden nicht nerv\u00f6s von der vielleicht finanziell schwierigen Situation. In den vorhergehenden Jahren ist unsere Kreativit\u00e4t und Reaktionsgeschwindigkeit die L\u00f6sung f\u00fcr viele Unternehmer gewesen.<\/p>\n\t\t\t\t\t\t\t\t<\/div>\n\t\t\t\t<\/div>\n\t\t\t\t<div class=\"elementor-element elementor-element-103f9d1 elementor-widget elementor-widget-heading\" data-id=\"103f9d1\" data-element_type=\"widget\" data-e-type=\"widget\" data-widget_type=\"heading.default\">\n\t\t\t\t<div class=\"elementor-widget-container\">\n\t\t\t\t\t<h2 class=\"elementor-heading-title elementor-size-default\">Zwischenzeitsmanagement\n<\/h2>\t\t\t\t<\/div>\n\t\t\t\t<\/div>\n\t\t\t\t<div class=\"elementor-element elementor-element-154b127 elementor-widget elementor-widget-text-editor\" data-id=\"154b127\" data-element_type=\"widget\" data-e-type=\"widget\" data-widget_type=\"text-editor.default\">\n\t\t\t\t<div class=\"elementor-widget-container\">\n\t\t\t\t\t\t\t\t\t<div class=\"col left content\">\n<p>JMKWADRAAT springt ein, wo die Notwendigkeit hoch ist Wir haben betr\u00e4chtliche Managementerfahrung in der W\u00e4schereibranche. Aus diesem Grund ist es attraktiv f\u00fcr Sie, uns f\u00fcr eine tempor\u00e4re leitende Angestelte auf Managementniveau zu engagieren.<\/p>\n<p>Die Zwischenzeitsmanagementart von JMKWADRAAT ist direkt, pers\u00f6nlich, flexibel, zielgericht und gewi\u00df. Durch unsere in vielen Jahren erreichte Fachkompetentz in den unterschiedlichen Bereichen des W\u00e4schereiwagnisses, k\u00f6nnen wir eine pers\u00f6nliche Begeleidungsform f\u00fcr Sie herstellten. Sie k\u00f6nnen als Auftragsgeber sicher sein, von uns kurze, schnelle und klare kommunikationslinien zu erhalten.<\/p>\n<p>Nehmen Sie heute noch Kontakt mit uns auf f\u00fcr ein freibleibendes Gespr\u00e4ch und entdecken Sie, da\u00df die einfache JMKWADRAAT Weise h\u00e4ufig die beste ist.<\/p>\n<\/div>\n<div class=\"col right sidebar\">\n<div class=\"block\"> <\/div>\n<\/div>\n\t\t\t\t\t\t\t\t<\/div>\n\t\t\t\t<\/div>\n\t\t\t\t\t<\/div>\n\t\t<\/div>\n\t\t\t\t<div class=\"elementor-column elementor-col-50 elementor-top-column elementor-element elementor-element-c0d29dd\" data-id=\"c0d29dd\" data-element_type=\"column\" data-e-type=\"column\">\n\t\t\t<div class=\"elementor-widget-wrap elementor-element-populated\">\n\t\t\t\t\t\t<div class=\"elementor-element elementor-element-bd56c64 elementor-widget elementor-widget-image\" data-id=\"bd56c64\" data-element_type=\"widget\" data-e-type=\"widget\" data-widget_type=\"image.default\">\n\t\t\t\t<div class=\"elementor-widget-container\">\n\t\t\t\t\t\t\t\t\t\t\t\t\t\t\t<img fetchpriority=\"high\" decoding=\"async\" width=\"768\" height=\"1024\" src=\"https:\/\/www.jmkwadraat.nl\/wp-content\/uploads\/2023\/09\/wasstraat1-768x1024.jpg\" class=\"attachment-large size-large wp-image-102\" alt=\"\" srcset=\"https:\/\/www.jmkwadraat.nl\/wp-content\/uploads\/2023\/09\/wasstraat1-768x1024.jpg 768w, https:\/\/www.jmkwadraat.nl\/wp-content\/uploads\/2023\/09\/wasstraat1-225x300.jpg 225w, https:\/\/www.jmkwadraat.nl\/wp-content\/uploads\/2023\/09\/wasstraat1.jpg 960w\" sizes=\"(max-width: 768px) 100vw, 768px\" \/>\t\t\t\t\t\t\t\t\t\t\t\t\t\t\t<\/div>\n\t\t\t\t<\/div>\n\t\t\t\t<div class=\"elementor-element elementor-element-64c2ea3 elementor-widget elementor-widget-image\" data-id=\"64c2ea3\" data-element_type=\"widget\" data-e-type=\"widget\" data-widget_type=\"image.default\">\n\t\t\t\t<div class=\"elementor-widget-container\">\n\t\t\t\t\t\t\t\t\t\t\t\t\t\t\t<img decoding=\"async\" width=\"1024\" height=\"682\" src=\"https:\/\/www.jmkwadraat.nl\/wp-content\/uploads\/2023\/09\/vuilsorteer-1024x682.jpg\" class=\"attachment-large size-large wp-image-105\" alt=\"\" srcset=\"https:\/\/www.jmkwadraat.nl\/wp-content\/uploads\/2023\/09\/vuilsorteer-1024x682.jpg 1024w, https:\/\/www.jmkwadraat.nl\/wp-content\/uploads\/2023\/09\/vuilsorteer-300x200.jpg 300w, https:\/\/www.jmkwadraat.nl\/wp-content\/uploads\/2023\/09\/vuilsorteer-768x512.jpg 768w, https:\/\/www.jmkwadraat.nl\/wp-content\/uploads\/2023\/09\/vuilsorteer.jpg 1400w\" sizes=\"(max-width: 1024px) 100vw, 1024px\" \/>\t\t\t\t\t\t\t\t\t\t\t\t\t\t\t<\/div>\n\t\t\t\t<\/div>\n\t\t\t\t\t<\/div>\n\t\t<\/div>\n\t\t\t\t\t<\/div>\n\t\t<\/section>\n\t\t\t\t<\/div>\n\t\t","protected":false},"excerpt":{"rendered":"<p>\u00d6konomische Empfehlung und Training JMKWADRAAT schaut in einer einfachen und direkten Art nach der Wirtschaft Ihrer W\u00e4scherei. Diese Beschauung kann Ihnen im starken Grad helfen, die Betriebsresultate auf einem f\u00fcr Sie annehmbare Niveau zu bringen. Dabei f\u00fchrt JMKWADRAAT in einer kreativen Weise neue Denkrichtungen in Bezug auf Ihre Organisation und m\u00f6gliche finanzielle Struktur ein. Wir [&hellip;]<\/p>\n","protected":false},"author":1,"featured_media":0,"parent":0,"menu_order":0,"comment_status":"closed","ping_status":"closed","template":"","meta":{"site-sidebar-layout":"no-sidebar","site-content-layout":"page-builder","ast-site-content-layout":"default","site-content-style":"default","site-sidebar-style":"default","ast-global-header-display":"","ast-banner-title-visibility":"","ast-main-header-display":"","ast-hfb-above-header-display":"","ast-hfb-below-header-display":"","ast-hfb-mobile-header-display":"","site-post-title":"disabled","ast-breadcrumbs-content":"","ast-featured-img":"disabled","footer-sml-layout":"","ast-disable-related-posts":"","theme-transparent-header-meta":"","adv-header-id-meta":"","stick-header-meta":"","header-above-stick-meta":"","header-main-stick-meta":"","header-below-stick-meta":"","astra-migrate-meta-layouts":"default","ast-page-background-enabled":"default","ast-page-background-meta":{"desktop":{"background-color":"var(--ast-global-color-4)","background-image":"","background-repeat":"repeat","background-position":"center center","background-size":"auto","background-attachment":"scroll","background-type":"","background-media":"","overlay-type":"","overlay-color":"","overlay-opacity":"","overlay-gradient":""},"tablet":{"background-color":"","background-image":"","background-repeat":"repeat","background-position":"center center","background-size":"auto","background-attachment":"scroll","background-type":"","background-media":"","overlay-type":"","overlay-color":"","overlay-opacity":"","overlay-gradient":""},"mobile":{"background-color":"","background-image":"","background-repeat":"repeat","background-position":"center center","background-size":"auto","background-attachment":"scroll","background-type":"","background-media":"","overlay-type":"","overlay-color":"","overlay-opacity":"","overlay-gradient":""}},"ast-content-background-meta":{"desktop":{"background-color":"var(--ast-global-color-5)","background-image":"","background-repeat":"repeat","background-position":"center center","background-size":"auto","background-attachment":"scroll","background-type":"","background-media":"","overlay-type":"","overlay-color":"","overlay-opacity":"","overlay-gradient":""},"tablet":{"background-color":"var(--ast-global-color-5)","background-image":"","background-repeat":"repeat","background-position":"center center","background-size":"auto","background-attachment":"scroll","background-type":"","background-media":"","overlay-type":"","overlay-color":"","overlay-opacity":"","overlay-gradient":""},"mobile":{"background-color":"var(--ast-global-color-5)","background-image":"","background-repeat":"repeat","background-position":"center center","background-size":"auto","background-attachment":"scroll","background-type":"","background-media":"","overlay-type":"","overlay-color":"","overlay-opacity":"","overlay-gradient":""}},"footnotes":""},"class_list":["post-165","page","type-page","status-publish","hentry"],"_links":{"self":[{"href":"https:\/\/www.jmkwadraat.nl\/de\/wp-json\/wp\/v2\/pages\/165","targetHints":{"allow":["GET"]}}],"collection":[{"href":"https:\/\/www.jmkwadraat.nl\/de\/wp-json\/wp\/v2\/pages"}],"about":[{"href":"https:\/\/www.jmkwadraat.nl\/de\/wp-json\/wp\/v2\/types\/page"}],"author":[{"embeddable":true,"href":"https:\/\/www.jmkwadraat.nl\/de\/wp-json\/wp\/v2\/users\/1"}],"replies":[{"embeddable":true,"href":"https:\/\/www.jmkwadraat.nl\/de\/wp-json\/wp\/v2\/comments?post=165"}],"version-history":[{"count":3,"href":"https:\/\/www.jmkwadraat.nl\/de\/wp-json\/wp\/v2\/pages\/165\/revisions"}],"predecessor-version":[{"id":168,"href":"https:\/\/www.jmkwadraat.nl\/de\/wp-json\/wp\/v2\/pages\/165\/revisions\/168"}],"wp:attachment":[{"href":"https:\/\/www.jmkwadraat.nl\/de\/wp-json\/wp\/v2\/media?parent=165"}],"curies":[{"name":"wp","href":"https:\/\/api.w.org\/{rel}","templated":true}]}}